{"id":44,"date":"2016-06-21T21:47:06","date_gmt":"2016-06-22T00:47:06","guid":{"rendered":"http:\/\/www.lojaluzdooriente2.com.br\/wp\/?page_id=44"},"modified":"2019-06-09T10:21:54","modified_gmt":"2019-06-09T13:21:54","slug":"membros","status":"publish","type":"page","link":"http:\/\/www.lojaluzdooriente2.com.br\/wp\/?page_id=44","title":{"rendered":"Membros"},"content":{"rendered":"<p style=\"text-align: center;\"><u>Cargos<\/u>:<\/p>\n<p><u>Vener\u00e1vel<\/u>:\u00a0<strong>S\u00edlvio Ribeiro<\/strong><\/p>\n<p><u>Orador<\/u>:<strong>\u00a0<\/strong><strong>Almir Del Padre<\/strong><\/p>\n<p><u>1\u00ba Vigilante<\/u>:<strong>\u00a0<\/strong><strong>Jos\u00e9 Carlos Furlan<\/strong><\/p>\n<p><u>2\u00ba Vigilante<\/u>:\u00a0<strong>Rodolfo Luiz Pereira<\/strong><\/p>\n<p><u>Secret\u00e1rio<\/u>:\u00a0<strong>Renato Rosas Machado Petermann<\/strong><\/p>\n<p><u>Tesoureiro<\/u>:\u00a0<strong>Jos\u00e9 M\u00e1rio Orsini Fernandes<\/strong><\/p>\n<p><u>Hospitaleiro<\/u>:<strong>\u00a0<\/strong><strong>Ant\u00f4nio Conselvan<\/strong><\/p>\n<p><u>Chanceler<\/u>:\u00a0<strong>Edson C\u00e2ndido<\/strong><\/p>\n<p><strong>\u00a0<\/strong><\/p>\n<p><u>Mestres Instalados<\/u>:<\/p>\n<p><strong>Almir Del Padre<\/strong><\/p>\n<p><strong>Ant\u00f4nio S\u00e9rgio Bertucci<\/strong><\/p>\n<p><strong>Benedito Olympio Oliveira<\/strong><\/p>\n<p><strong>Leandro Filtre Bonacin (Delegado do Gr\u00e3o-Mestre &#8211; 4\u00ba Distrito)<\/strong><\/p>\n<p><u>Mestres Ma\u00e7ons<\/u>:<\/p>\n<p><strong>Ad\u00e3o Diogo Ferreira<br \/>\n<\/strong><\/p>\n<p><strong>Ant\u00f4nio Conselvan<\/strong><\/p>\n<p><strong>Ant\u00f4nio Lu\u00eds Branco<\/strong><\/p>\n<p><strong>Ariovaldo Domingues de Oliveira<\/strong><\/p>\n<p><strong>Edson C\u00e2ndido<\/strong><\/p>\n<p><strong>Evandro Emerson Pimenta<\/strong><\/p>\n<p><strong>Jos\u00e9 Carlos Furlan<\/strong><\/p>\n<p><strong>Jos\u00e9 M\u00e1rio Orsini Fernandes<\/strong><\/p>\n<p><strong>Renato Augusto Dias<\/strong><\/p>\n<p><strong>Renato Rosas Machado Petermann<\/strong><\/p>\n<p><strong>Rodolfo Luiz Pereira<\/strong><\/p>\n<p><strong>Rodrigo Gaspar Romano<\/strong><\/p>\n<p><strong>Silvio Ribeiro<\/strong><\/p>\n<p><strong>\u00a0<\/strong><\/p>\n<p><u>Companheiros Ma\u00e7ons<\/u>:<\/p>\n<p><strong>Roberto Joni Acripi<\/strong><\/p>\n<p><b>Jo\u00e3o Carlos Hellvig da Silva J\u00fanior<\/b><\/p>\n<p><b>Remir Del Col<\/b><\/p>\n<p><strong>\u00a0<\/strong><\/p>\n<p><u>Aprendizes<\/u>:<\/p>\n<p><b>Carlos Alexandre Leme<\/b><\/p>\n<p><b>Francisco Assis Peres dos Reis<\/b><\/p>\n<p><b>Luiz Renato Papa Campos<\/b><\/p>\n<p><b>Onivaldo Jos\u00e9 Varaschim<\/b><\/p>\n<div id=\"webpki_lacunasoftware_com\" class=\"webpki_lacunasoftware_com\" style=\"display: none;\"><\/div>\n<div id=\"webpki_lacunasoftware_com\" class=\"webpki_lacunasoftware_com\" style=\"display: none;\"><\/div>\n<div id=\"webpki_lacunasoftware_com\" class=\"webpki_lacunasoftware_com\" style=\"display: none;\"><\/div>\n<div id=\"webpki_lacunasoftware_com\" class=\"webpki_lacunasoftware_com\" style=\"display: none;\"><\/div>\n","protected":false},"excerpt":{"rendered":"<p>Cargos: Vener\u00e1vel:\u00a0S\u00edlvio Ribeiro Orador:\u00a0Almir Del Padre 1\u00ba Vigilante:\u00a0Jos\u00e9 Carlos Furlan 2\u00ba Vigilante:\u00a0Rodolfo Luiz Pereira Secret\u00e1rio:\u00a0Renato Rosas Machado Petermann Tesoureiro:\u00a0Jos\u00e9 M\u00e1rio Orsini Fernandes Hospitaleiro:\u00a0Ant\u00f4nio Conselvan Chanceler:\u00a0Edson C\u00e2ndido \u00a0 Mestres Instalados: Almir Del Padre Ant\u00f4nio S\u00e9rgio Bertucci Benedito Olympio Oliveira Leandro Filtre Bonacin (Delegado do Gr\u00e3o-Mestre &#8211; 4\u00ba Distrito) Mestres Ma\u00e7ons: Ad\u00e3o Diogo Ferreira Ant\u00f4nio Conselvan Ant\u00f4nio [&hellip;]<\/p>\n","protected":false},"author":1,"featured_media":0,"parent":0,"menu_order":0,"comment_status":"closed","ping_status":"closed","template":"","meta":[],"_links":{"self":[{"href":"http:\/\/www.lojaluzdooriente2.com.br\/wp\/index.php?rest_route=\/wp\/v2\/pages\/44"}],"collection":[{"href":"http:\/\/www.lojaluzdooriente2.com.br\/wp\/index.php?rest_route=\/wp\/v2\/pages"}],"about":[{"href":"http:\/\/www.lojaluzdooriente2.com.br\/wp\/index.php?rest_route=\/wp\/v2\/types\/page"}],"author":[{"embeddable":true,"href":"http:\/\/www.lojaluzdooriente2.com.br\/wp\/index.php?rest_route=\/wp\/v2\/users\/1"}],"replies":[{"embeddable":true,"href":"http:\/\/www.lojaluzdooriente2.com.br\/wp\/index.php?rest_route=%2Fwp%2Fv2%2Fcomments&post=44"}],"version-history":[{"count":21,"href":"http:\/\/www.lojaluzdooriente2.com.br\/wp\/index.php?rest_route=\/wp\/v2\/pages\/44\/revisions"}],"predecessor-version":[{"id":707,"href":"http:\/\/www.lojaluzdooriente2.com.br\/wp\/index.php?rest_route=\/wp\/v2\/pages\/44\/revisions\/707"}],"wp:attachment":[{"href":"http:\/\/www.lojaluzdooriente2.com.br\/wp\/index.php?rest_route=%2Fwp%2Fv2%2Fmedia&parent=44"}],"curies":[{"name":"wp","href":"https:\/\/api.w.org\/{rel}","templated":true}]}}