{"id":138,"date":"2016-07-18T12:30:18","date_gmt":"2016-07-18T15:30:18","guid":{"rendered":"http:\/\/www.lojaluzdooriente2.com.br\/wp\/?page_id=138"},"modified":"2017-12-08T16:39:16","modified_gmt":"2017-12-08T18:39:16","slug":"galeria-dos-veneraveis","status":"publish","type":"page","link":"http:\/\/www.lojaluzdooriente2.com.br\/wp\/?page_id=138","title":{"rendered":"Galeria dos Vener\u00e1veis"},"content":{"rendered":"<p style=\"text-align: center;\"><strong>\u00a0<\/strong><\/p>\n<table>\n<tbody>\n<tr>\n<td width=\"113\"><img loading=\"lazy\" class=\"alignnone wp-image-190\" src=\"http:\/\/www.lojaluzdooriente2.com.br\/wp\/wp-content\/uploads\/2016\/07\/Manoel-Teixeira-Filho-169x300.jpg\" alt=\"Manoel Teixeira Filho\" width=\"95\" height=\"169\" srcset=\"http:\/\/www.lojaluzdooriente2.com.br\/wp\/wp-content\/uploads\/2016\/07\/Manoel-Teixeira-Filho-169x300.jpg 169w, http:\/\/www.lojaluzdooriente2.com.br\/wp\/wp-content\/uploads\/2016\/07\/Manoel-Teixeira-Filho-768x1365.jpg 768w, http:\/\/www.lojaluzdooriente2.com.br\/wp\/wp-content\/uploads\/2016\/07\/Manoel-Teixeira-Filho-576x1024.jpg 576w\" sizes=\"(max-width: 95px) 100vw, 95px\" \/><\/p>\n<p>Manoel Teixeira Filho<\/p>\n<p>1956\/1959<\/td>\n<td width=\"113\"><img loading=\"lazy\" class=\"alignnone wp-image-190\" src=\"http:\/\/www.lojaluzdooriente2.com.br\/wp\/wp-content\/uploads\/2016\/07\/Manoel-Teixeira-Filho-169x300.jpg\" alt=\"Manoel Teixeira Filho\" width=\"98\" height=\"174\" srcset=\"http:\/\/www.lojaluzdooriente2.com.br\/wp\/wp-content\/uploads\/2016\/07\/Manoel-Teixeira-Filho-169x300.jpg 169w, http:\/\/www.lojaluzdooriente2.com.br\/wp\/wp-content\/uploads\/2016\/07\/Manoel-Teixeira-Filho-768x1365.jpg 768w, http:\/\/www.lojaluzdooriente2.com.br\/wp\/wp-content\/uploads\/2016\/07\/Manoel-Teixeira-Filho-576x1024.jpg 576w\" sizes=\"(max-width: 98px) 100vw, 98px\" \/><\/p>\n<p>V\u2234M\u2234 Honra<br \/>\nManoel Teixeira Filho<\/p>\n<p>1960<\/td>\n<td width=\"113\"><img loading=\"lazy\" class=\"size-medium wp-image-551 alignnone\" src=\"http:\/\/www.lojaluzdooriente2.com.br\/wp\/wp-content\/uploads\/2017\/01\/foto-213x300.jpg\" alt=\"foto\" width=\"213\" height=\"300\" srcset=\"http:\/\/www.lojaluzdooriente2.com.br\/wp\/wp-content\/uploads\/2017\/01\/foto-213x300.jpg 213w, http:\/\/www.lojaluzdooriente2.com.br\/wp\/wp-content\/uploads\/2017\/01\/foto-768x1081.jpg 768w, http:\/\/www.lojaluzdooriente2.com.br\/wp\/wp-content\/uploads\/2017\/01\/foto-727x1024.jpg 727w, http:\/\/www.lojaluzdooriente2.com.br\/wp\/wp-content\/uploads\/2017\/01\/foto.jpg 909w\" sizes=\"(max-width: 213px) 100vw, 213px\" \/><\/p>\n<p>Orlando Stefanini<\/p>\n<p>1960\/1961<\/td>\n<td width=\"113\"><img loading=\"lazy\" class=\"size-medium wp-image-506 alignnone\" src=\"http:\/\/www.lojaluzdooriente2.com.br\/wp\/wp-content\/uploads\/2016\/09\/Ubiratan-Ferreira-2-C\u00f3pia-232x300.jpg\" alt=\"ubiratan-ferreira-2-copia\" width=\"232\" height=\"300\" srcset=\"http:\/\/www.lojaluzdooriente2.com.br\/wp\/wp-content\/uploads\/2016\/09\/Ubiratan-Ferreira-2-C\u00f3pia-232x300.jpg 232w, http:\/\/www.lojaluzdooriente2.com.br\/wp\/wp-content\/uploads\/2016\/09\/Ubiratan-Ferreira-2-C\u00f3pia.jpg 473w\" sizes=\"(max-width: 232px) 100vw, 232px\" \/><\/p>\n<p>Ubiratan Ferreira<br \/>\n1962\/1963<\/p>\n<p>&nbsp;<\/td>\n<td width=\"113\"><img loading=\"lazy\" class=\"alignnone size-full wp-image-148\" src=\"http:\/\/www.lojaluzdooriente2.com.br\/wp\/wp-content\/uploads\/2016\/07\/sem-foto.jpg\" alt=\"sem foto\" width=\"90\" height=\"120\" \/><\/p>\n<p>Ant\u00f4nio Assun\u00e7\u00e3o Ara\u00fajo<\/p>\n<p>1970\/1971<\/td>\n<\/tr>\n<tr>\n<td width=\"113\"><img loading=\"lazy\" class=\"wp-image-481 alignnone\" src=\"http:\/\/www.lojaluzdooriente2.com.br\/wp\/wp-content\/uploads\/2016\/09\/Jo\u00e3o-Kiti-Assao-173x300.jpg\" alt=\"joao-kiti-assao\" width=\"100\" height=\"173\" srcset=\"http:\/\/www.lojaluzdooriente2.com.br\/wp\/wp-content\/uploads\/2016\/09\/Jo\u00e3o-Kiti-Assao-173x300.jpg 173w, http:\/\/www.lojaluzdooriente2.com.br\/wp\/wp-content\/uploads\/2016\/09\/Jo\u00e3o-Kiti-Assao.jpg 576w\" sizes=\"(max-width: 100px) 100vw, 100px\" \/><\/p>\n<p>Jo\u00e3o Kiti Assao<br \/>\n1972<\/td>\n<td width=\"113\"><img loading=\"lazy\" class=\"size-full wp-image-556 alignnone\" src=\"http:\/\/www.lojaluzdooriente2.com.br\/wp\/wp-content\/uploads\/2017\/01\/foto-google.jpg\" alt=\"foto-google\" width=\"154\" height=\"204\" \/><\/p>\n<p>Ant\u00f4nio Santos Zani<\/p>\n<p>1973<\/td>\n<td width=\"113\"><img loading=\"lazy\" class=\"alignnone size-full wp-image-140\" src=\"http:\/\/www.lojaluzdooriente2.com.br\/wp\/wp-content\/uploads\/2016\/07\/antonio-mafra-sanches.jpg\" alt=\"antonio mafra sanches\" width=\"167\" height=\"227\" \/><\/p>\n<p>Ant\u00f4nio Mafra Sanches<\/p>\n<p>1976\/1977<\/td>\n<td width=\"113\"><img loading=\"lazy\" class=\"alignnone size-full wp-image-149\" src=\"http:\/\/www.lojaluzdooriente2.com.br\/wp\/wp-content\/uploads\/2016\/07\/zair-larini.jpg\" alt=\"zair larini\" width=\"154\" height=\"214\" \/><\/p>\n<p>Zair Larini<\/p>\n<p>1978\/1979<\/td>\n<td width=\"113\"><img loading=\"lazy\" class=\"size-full wp-image-559 alignnone\" src=\"http:\/\/www.lojaluzdooriente2.com.br\/wp\/wp-content\/uploads\/2017\/01\/miguel-dinizo-C\u00f3pia.jpg\" alt=\"miguel-dinizo-copia\" width=\"105\" height=\"195\" \/>Miguel Dinizo<\/p>\n<p>1981\/1987<\/td>\n<\/tr>\n<tr>\n<td width=\"113\"><img loading=\"lazy\" class=\"alignnone size-full wp-image-142\" src=\"http:\/\/www.lojaluzdooriente2.com.br\/wp\/wp-content\/uploads\/2016\/07\/benedito-olympio-oliveira.jpg\" alt=\"benedito olympio oliveira\" width=\"120\" height=\"160\" \/><\/p>\n<p>Benedito Olympio Oliveira<\/p>\n<p>1988\/1989<\/td>\n<td width=\"113\"><img loading=\"lazy\" class=\"alignnone size-medium wp-image-187\" src=\"http:\/\/www.lojaluzdooriente2.com.br\/wp\/wp-content\/uploads\/2016\/07\/Essi-Arantes-235x300.jpeg\" alt=\"Essi Arantes\" width=\"235\" height=\"300\" srcset=\"http:\/\/www.lojaluzdooriente2.com.br\/wp\/wp-content\/uploads\/2016\/07\/Essi-Arantes-235x300.jpeg 235w, http:\/\/www.lojaluzdooriente2.com.br\/wp\/wp-content\/uploads\/2016\/07\/Essi-Arantes-768x981.jpeg 768w, http:\/\/www.lojaluzdooriente2.com.br\/wp\/wp-content\/uploads\/2016\/07\/Essi-Arantes-801x1024.jpeg 801w\" sizes=\"(max-width: 235px) 100vw, 235px\" \/><\/p>\n<p>&nbsp;<\/p>\n<p>Essi Arantes<\/p>\n<p>1990\/1991<\/p>\n<p>&nbsp;<\/td>\n<td width=\"113\"><img loading=\"lazy\" class=\"alignnone size-full wp-image-142\" src=\"http:\/\/www.lojaluzdooriente2.com.br\/wp\/wp-content\/uploads\/2016\/07\/benedito-olympio-oliveira.jpg\" alt=\"benedito olympio oliveira\" width=\"120\" height=\"160\" \/><\/p>\n<p>Benedito Olympio Oliveira<\/p>\n<p>1992\/1993<\/td>\n<td width=\"113\"><img loading=\"lazy\" class=\"alignnone size-full wp-image-144\" src=\"http:\/\/www.lojaluzdooriente2.com.br\/wp\/wp-content\/uploads\/2016\/07\/edvard-batista-yera-oliveira.jpg\" alt=\"edvard batista yera oliveira\" width=\"154\" height=\"224\" \/><\/p>\n<p>Edvard Batista Yera Oliveira<\/p>\n<p>1994\/1995<\/td>\n<td width=\"113\"><img loading=\"lazy\" class=\"alignnone size-medium wp-image-141\" src=\"http:\/\/www.lojaluzdooriente2.com.br\/wp\/wp-content\/uploads\/2016\/07\/antonio-s\u00e9rgio-bertucci-234x300.jpg\" alt=\"antonio s\u00e9rgio bertucci\" width=\"234\" height=\"300\" srcset=\"http:\/\/www.lojaluzdooriente2.com.br\/wp\/wp-content\/uploads\/2016\/07\/antonio-s\u00e9rgio-bertucci-234x300.jpg 234w, http:\/\/www.lojaluzdooriente2.com.br\/wp\/wp-content\/uploads\/2016\/07\/antonio-s\u00e9rgio-bertucci.jpg 295w\" sizes=\"(max-width: 234px) 100vw, 234px\" \/><\/p>\n<p>Ant\u00f4nio S\u00e9rgio Bertucci<\/p>\n<p>1996<\/td>\n<\/tr>\n<tr>\n<td width=\"113\"><img loading=\"lazy\" class=\"alignnone size-full wp-image-142\" src=\"http:\/\/www.lojaluzdooriente2.com.br\/wp\/wp-content\/uploads\/2016\/07\/benedito-olympio-oliveira.jpg\" alt=\"benedito olympio oliveira\" width=\"120\" height=\"160\" \/><\/p>\n<p>Benedito Olympio Oliveira<\/p>\n<p>1996\/1997<\/td>\n<td width=\"113\"><strong><img loading=\"lazy\" class=\"alignnone size-medium wp-image-151\" src=\"http:\/\/www.lojaluzdooriente2.com.br\/wp\/wp-content\/uploads\/2016\/07\/orlando-furlan-225x300.jpg\" alt=\"orlando furlan\" width=\"225\" height=\"300\" srcset=\"http:\/\/www.lojaluzdooriente2.com.br\/wp\/wp-content\/uploads\/2016\/07\/orlando-furlan-225x300.jpg 225w, http:\/\/www.lojaluzdooriente2.com.br\/wp\/wp-content\/uploads\/2016\/07\/orlando-furlan-768x1024.jpg 768w, http:\/\/www.lojaluzdooriente2.com.br\/wp\/wp-content\/uploads\/2016\/07\/orlando-furlan.jpg 960w\" sizes=\"(max-width: 225px) 100vw, 225px\" \/><\/strong><\/p>\n<p>Orlando Fulan<\/p>\n<p>1997<\/td>\n<td width=\"113\"><img loading=\"lazy\" class=\"alignnone size-full wp-image-142\" src=\"http:\/\/www.lojaluzdooriente2.com.br\/wp\/wp-content\/uploads\/2016\/07\/benedito-olympio-oliveira.jpg\" alt=\"benedito olympio oliveira\" width=\"120\" height=\"160\" \/><\/p>\n<p>Benedito Olympio Oliveira<\/p>\n<p>1998\/1999<\/td>\n<td width=\"113\"><img loading=\"lazy\" class=\"alignnone size-medium wp-image-147\" src=\"http:\/\/www.lojaluzdooriente2.com.br\/wp\/wp-content\/uploads\/2016\/07\/manoel-carlos-dos-anjos-234x300.jpg\" alt=\"manoel carlos dos anjos\" width=\"234\" height=\"300\" srcset=\"http:\/\/www.lojaluzdooriente2.com.br\/wp\/wp-content\/uploads\/2016\/07\/manoel-carlos-dos-anjos-234x300.jpg 234w, http:\/\/www.lojaluzdooriente2.com.br\/wp\/wp-content\/uploads\/2016\/07\/manoel-carlos-dos-anjos.jpg 295w\" sizes=\"(max-width: 234px) 100vw, 234px\" \/><\/p>\n<p>Manoel Carlos dos Anjos<\/p>\n<p>2000\/2003<\/td>\n<td width=\"113\"><img loading=\"lazy\" class=\"alignnone size-medium wp-image-156\" src=\"http:\/\/www.lojaluzdooriente2.com.br\/wp\/wp-content\/uploads\/2016\/07\/flavio-bettini-junior-245x300.jpg\" alt=\"flavio bettini junior\" width=\"245\" height=\"300\" srcset=\"http:\/\/www.lojaluzdooriente2.com.br\/wp\/wp-content\/uploads\/2016\/07\/flavio-bettini-junior-245x300.jpg 245w, http:\/\/www.lojaluzdooriente2.com.br\/wp\/wp-content\/uploads\/2016\/07\/flavio-bettini-junior.jpg 252w\" sizes=\"(max-width: 245px) 100vw, 245px\" \/><\/p>\n<p>Fl\u00e1vio Bettini Junior<\/p>\n<p>2004\/2005<\/td>\n<\/tr>\n<tr>\n<td width=\"113\"><img loading=\"lazy\" class=\"alignnone size-medium wp-image-147\" src=\"http:\/\/www.lojaluzdooriente2.com.br\/wp\/wp-content\/uploads\/2016\/07\/manoel-carlos-dos-anjos-234x300.jpg\" alt=\"manoel carlos dos anjos\" width=\"234\" height=\"300\" srcset=\"http:\/\/www.lojaluzdooriente2.com.br\/wp\/wp-content\/uploads\/2016\/07\/manoel-carlos-dos-anjos-234x300.jpg 234w, http:\/\/www.lojaluzdooriente2.com.br\/wp\/wp-content\/uploads\/2016\/07\/manoel-carlos-dos-anjos.jpg 295w\" sizes=\"(max-width: 234px) 100vw, 234px\" \/><\/p>\n<p>Manoel Carlos dos Anjos<\/p>\n<p>2006\/2007<\/td>\n<td width=\"113\"><img loading=\"lazy\" class=\"alignnone size-medium wp-image-145\" src=\"http:\/\/www.lojaluzdooriente2.com.br\/wp\/wp-content\/uploads\/2016\/07\/jair-mar\u00e7aioli-234x300.jpg\" alt=\"jair mar\u00e7aioli\" width=\"234\" height=\"300\" srcset=\"http:\/\/www.lojaluzdooriente2.com.br\/wp\/wp-content\/uploads\/2016\/07\/jair-mar\u00e7aioli-234x300.jpg 234w, http:\/\/www.lojaluzdooriente2.com.br\/wp\/wp-content\/uploads\/2016\/07\/jair-mar\u00e7aioli.jpg 295w\" sizes=\"(max-width: 234px) 100vw, 234px\" \/><\/p>\n<p>Jair Mar\u00e7aioli<\/p>\n<p>2008\/2011<\/td>\n<td width=\"113\"><img loading=\"lazy\" class=\"alignnone size-medium wp-image-146\" src=\"http:\/\/www.lojaluzdooriente2.com.br\/wp\/wp-content\/uploads\/2016\/07\/leandro-filtre-bonacin-234x300.jpg\" alt=\"leandro filtre bonacin\" width=\"234\" height=\"300\" srcset=\"http:\/\/www.lojaluzdooriente2.com.br\/wp\/wp-content\/uploads\/2016\/07\/leandro-filtre-bonacin-234x300.jpg 234w, http:\/\/www.lojaluzdooriente2.com.br\/wp\/wp-content\/uploads\/2016\/07\/leandro-filtre-bonacin.jpg 295w\" sizes=\"(max-width: 234px) 100vw, 234px\" \/><\/p>\n<p>Leandro Filtre Bonacin<\/p>\n<p>2012\/2013<\/td>\n<td width=\"113\"><img loading=\"lazy\" class=\"alignnone size-medium wp-image-139\" src=\"http:\/\/www.lojaluzdooriente2.com.br\/wp\/wp-content\/uploads\/2016\/07\/almir-del-padre-234x300.jpg\" alt=\"almir del padre\" width=\"234\" height=\"300\" srcset=\"http:\/\/www.lojaluzdooriente2.com.br\/wp\/wp-content\/uploads\/2016\/07\/almir-del-padre-234x300.jpg 234w, http:\/\/www.lojaluzdooriente2.com.br\/wp\/wp-content\/uploads\/2016\/07\/almir-del-padre.jpg 295w\" sizes=\"(max-width: 234px) 100vw, 234px\" \/><\/p>\n<p>Almir Del Padre<\/p>\n<p>2014\/2015<\/td>\n<td width=\"113\"><img loading=\"lazy\" class=\"alignnone size-medium wp-image-143\" src=\"http:\/\/www.lojaluzdooriente2.com.br\/wp\/wp-content\/uploads\/2016\/07\/diego-domingues-de-oliveira-241x300.jpg\" alt=\"diego domingues de oliveira\" width=\"241\" height=\"300\" srcset=\"http:\/\/www.lojaluzdooriente2.com.br\/wp\/wp-content\/uploads\/2016\/07\/diego-domingues-de-oliveira-241x300.jpg 241w, http:\/\/www.lojaluzdooriente2.com.br\/wp\/wp-content\/uploads\/2016\/07\/diego-domingues-de-oliveira.jpg 292w\" sizes=\"(max-width: 241px) 100vw, 241px\" \/><\/p>\n<p>Diego Domingues de Oliveira<\/p>\n<p>2016\/2017<\/td>\n<\/tr>\n<tr>\n<td width=\"113\"><img loading=\"lazy\" class=\"alignnone size-medium wp-image-147\" src=\"http:\/\/www.lojaluzdooriente2.com.br\/wp\/wp-content\/uploads\/2017\/12\/silvio.jpg\" alt=\"sem foto\" width=\"234\" height=\"300\" \/><\/p>\n<p>Silvio Ribeiro<\/p>\n<p>2018\/2019<\/td>\n<\/tr>\n<\/tbody>\n<\/table>\n<p>&nbsp;<\/p>\n","protected":false},"excerpt":{"rendered":"<p>\u00a0 Manoel Teixeira Filho 1956\/1959 V\u2234M\u2234 Honra Manoel Teixeira Filho 1960 Orlando Stefanini 1960\/1961 Ubiratan Ferreira 1962\/1963 &nbsp; Ant\u00f4nio Assun\u00e7\u00e3o Ara\u00fajo 1970\/1971 Jo\u00e3o Kiti Assao 1972 Ant\u00f4nio Santos Zani 1973 Ant\u00f4nio Mafra Sanches 1976\/1977 Zair Larini 1978\/1979 Miguel Dinizo 1981\/1987 Benedito Olympio Oliveira 1988\/1989 &nbsp; Essi Arantes 1990\/1991 &nbsp; Benedito Olympio Oliveira 1992\/1993 Edvard Batista [&hellip;]<\/p>\n","protected":false},"author":1,"featured_media":0,"parent":0,"menu_order":0,"comment_status":"closed","ping_status":"closed","template":"","meta":[],"_links":{"self":[{"href":"http:\/\/www.lojaluzdooriente2.com.br\/wp\/index.php?rest_route=\/wp\/v2\/pages\/138"}],"collection":[{"href":"http:\/\/www.lojaluzdooriente2.com.br\/wp\/index.php?rest_route=\/wp\/v2\/pages"}],"about":[{"href":"http:\/\/www.lojaluzdooriente2.com.br\/wp\/index.php?rest_route=\/wp\/v2\/types\/page"}],"author":[{"embeddable":true,"href":"http:\/\/www.lojaluzdooriente2.com.br\/wp\/index.php?rest_route=\/wp\/v2\/users\/1"}],"replies":[{"embeddable":true,"href":"http:\/\/www.lojaluzdooriente2.com.br\/wp\/index.php?rest_route=%2Fwp%2Fv2%2Fcomments&post=138"}],"version-history":[{"count":62,"href":"http:\/\/www.lojaluzdooriente2.com.br\/wp\/index.php?rest_route=\/wp\/v2\/pages\/138\/revisions"}],"predecessor-version":[{"id":672,"href":"http:\/\/www.lojaluzdooriente2.com.br\/wp\/index.php?rest_route=\/wp\/v2\/pages\/138\/revisions\/672"}],"wp:attachment":[{"href":"http:\/\/www.lojaluzdooriente2.com.br\/wp\/index.php?rest_route=%2Fwp%2Fv2%2Fmedia&parent=138"}],"curies":[{"name":"wp","href":"https:\/\/api.w.org\/{rel}","templated":true}]}}