{"id":129,"date":"2016-07-18T11:41:42","date_gmt":"2016-07-18T14:41:42","guid":{"rendered":"http:\/\/www.lojaluzdooriente2.com.br\/wp\/?page_id=129"},"modified":"2016-07-18T11:56:22","modified_gmt":"2016-07-18T14:56:22","slug":"ordem-demolay","status":"publish","type":"page","link":"http:\/\/www.lojaluzdooriente2.com.br\/wp\/?page_id=129","title":{"rendered":"Ordem DeMolay"},"content":{"rendered":"<p><strong><img loading=\"lazy\" class=\"alignnone size-medium wp-image-131\" src=\"http:\/\/www.lojaluzdooriente2.com.br\/wp\/wp-content\/uploads\/2016\/07\/brasaodemolay-300x270-300x270.jpg\" alt=\"brasaodemolay-300x270\" width=\"300\" height=\"270\" \/><\/strong><\/p>\n<p><strong>Supremo Conselho da Ordem DeMolay para Rep\u00fablica Federativa do Brasil.<\/strong><br \/>\n<strong>Grande Conselho Estadual do Paran\u00e1.<\/strong><\/p>\n<p>&nbsp;<\/p>\n<p>A Ordem DeMolay \u00e9 uma institui\u00e7\u00e3o que busca lapidar o car\u00e1ter do jovem para que, ao atingir a maioridade \u2013 os 21 anos -, ele possa contribuir com o a comunidade onde estiver inserido. \u00c9 um ambiente fraternal, seguro e sadio, composto por garotos do sexo masculino, entre 12 e 20 anos, que desenvolve no jovem:<\/p>\n<p>&nbsp;<\/p>\n<ul>\n<li>Capacidade de lideran\u00e7a;<\/li>\n<li>Senso de trabalho em equipe;<\/li>\n<li>Cidadania;<\/li>\n<li>Toler\u00e2ncia e respeito ao pr\u00f3ximo;<\/li>\n<li>Responsabilidade;<\/li>\n<li>Respeito \u00e0 hierarquia;<\/li>\n<li>Criatividade;<\/li>\n<li>Capacidade de tomada de decis\u00e3o;<\/li>\n<li>Sentimento fraternal;<\/li>\n<li>Envolvimento social.<\/li>\n<\/ul>\n<p>&nbsp;<\/p>\n<p>O ensinamento se baseia:<\/p>\n<ul>\n<li>Na pr\u00e1tica de atividades volunt\u00e1rias, filantr\u00f3picas, benemerentes, esportivas e sociais;<\/li>\n<li>Na transmiss\u00e3o de t\u00e9cnicas de lideran\u00e7a, orat\u00f3ria, resolu\u00e7\u00e3o de conflitos, gest\u00e3o e organiza\u00e7\u00e3o institucional;<\/li>\n<li>Em estudos filos\u00f3ficos baseados nas virtudes do Amor Filial, Rever\u00eancia pelas Coisas Sagradas, Cortesia, Companheirismo, Fidelidade, Pureza e Patriotismo.<\/li>\n<\/ul>\n<p>&nbsp;<\/p>\n<p>Criada pelo ma\u00e7om Frank Sherman Land, na cidade americana de Kansas, em 1919, conseguiu sobreviver \u00e0 grande depress\u00e3o, \u00e0 segunda guerra mundial e ao sentimento antiinstitucional da d\u00e9cada de 60, que prejudicou todas as organiza\u00e7\u00f5es fraternais, sociais e c\u00edvicas.<\/p>\n<p>&nbsp;<\/p>\n<p>O grupo original de nove rapazes cresceu e tornou-se a maior organiza\u00e7\u00e3o fraternal juvenil do mundo. Est\u00e1 presente em v\u00e1rias na\u00e7\u00f5es como Alemanha, Aruba, Austr\u00e1lia, Bol\u00edvia, Brasil, Canad\u00e1, Col\u00f4mbia, Estados Unidos, Filipinas, It\u00e1lia, S\u00e9rvia e Rom\u00eania.<\/p>\n<p>&nbsp;<\/p>\n<p>Mais de 4 milh\u00f5es de jovens passaram pela Ordem DeMolay em todo o mundo. Muitos tornaram-se m\u00e9dicos, juristas, engenheiros, jornalistas, aeronautas, enfim, profissionais bem sucedidos que d\u00e3o sua parcela de contribui\u00e7\u00e3o \u00e0 sociedade.<\/p>\n<p>&nbsp;<\/p>\n<p>Segundo as estat\u00edsticas do Supremo Conselho Internacional, para cada 20 governadores americanos ou 10 Senadores americanos, um \u00e9 S\u00eanior DeMolay, assim como o ex-presidente dos Estados Unidos da Am\u00e9rica, Bill Clinton.<\/p>\n<p>&nbsp;<\/p>\n<p>Desde 1980, a Ordem DeMolay atua no Brasil. De l\u00e1 pra c\u00e1, 200 mil brasileiros iniciaram nesta fraternidade. O Supremo Conselho da Ordem DeMolay para a Rep\u00fablica Federativa do Brasil contabiliza quase 20 mil integrantes ativos, espalhados por 340 munic\u00edpios de todos os Estados do Pa\u00eds.<\/p>\n<p>&nbsp;<\/p>\n<p>Apesar de ser uma institui\u00e7\u00e3o aut\u00f4noma, muitas de suas atividades s\u00e3o apoiadas pela ma\u00e7onaria. As Lojas Ma\u00e7\u00f4nicas disponibilizam seu espa\u00e7o para as reuni\u00f5es, bem como alguns de seus membros para servir como Conselheiros. A Ma\u00e7onaria investe nesta Ordem por julg\u00e1-la fundamental no engrandecimento da humanidade.<\/p>\n<p>&nbsp;<\/p>\n<p>A Ordem DeMolay n\u00e3o \u00e9 religi\u00e3o ou seita, mas a cren\u00e7a em um Ser Supremo \u00e9 um dos requisitos para o seu ingresso. \u00c9 proibida a vincula\u00e7\u00e3o da Ordem DeMolay com partidos pol\u00edticos, ou qualquer atividade pol\u00edtico-partid\u00e1ria. Este preceito visa \u00e0 isen\u00e7\u00e3o institucional e a estimula\u00e7\u00e3o da cr\u00edtica sadia em rela\u00e7\u00e3o \u00e0s pol\u00edticas p\u00fablicas adotadas. (fonte DeMolay Brasil \u2013 www.demolaybrasil.org.br)<\/p>\n<p>&nbsp;<\/p>\n<p>O Grande Conselho Estadual da Ordem DeMolay do Estado do Paran\u00e1 \u2013 GCEPR \u00e9 o \u00f3rg\u00e3o respons\u00e1vel pela administra\u00e7\u00e3o, manuten\u00e7\u00e3o e expans\u00e3o da Ordem DeMolay no Paran\u00e1. Funciona sob os ausp\u00edcios do Supremo Conselho da Ordem DeMolay para a Rep\u00fablica Federativa do Brasil \u2013 SCODRFB.<\/p>\n<p>&nbsp;<\/p>\n<p>\u00c9 uma sociedade civil sem fins lucrativos que re\u00fane jovens do sexo masculino em grupos denominado Cap\u00edtulos DeMolay e suas Organiza\u00e7\u00f5es Afiliadas (Conventos, Cortes, Col\u00e9gios Alumni), que por sua vez dever\u00e3o cada um, ser patrocinado por uma ou mais Lojas ou corpos ma\u00e7\u00f4nicos, jurisdicionados a uma ou mais obedi\u00eancia ma\u00e7\u00f4nica, nos limites internos geogr\u00e1ficos do Estado do Paran\u00e1<\/p>\n<p>&nbsp;<\/p>\n<p>No Paran\u00e1 o Grande Conselho Estadual foi fundado em 18 de dezembro de 2005 na cidade de Maring\u00e1\/PR e instalado na cidade de Londrina\/PR aos 12 dias do m\u00eas de mar\u00e7o de 2006. Conta atualmente com 14 Cap\u00edtulos, 02 Priorados, 01 Corte de Chevaliers e 03 T\u00e1volas de Escudeiros.<\/p>\n<p>&nbsp;<\/p>\n<p>J\u00e1 tivemos v\u00e1rios Tios e Irm\u00e3os que fizeram parte da Diretoria Nacional e do Gabinete Nacional da Ordem DeMolay, al\u00e9m de contar com duas Legi\u00f5es de Honra.<\/p>\n<p>&nbsp;<\/p>\n<p>Voc\u00ea que \u00e9 ma\u00e7om gostou da ordem? Entre em contato com a nossa diretoria executiva pelo site www.demolaypr.org ou pelos contatos abaixo; agende uma cerim\u00f4nia e venha fazer parte dessa grande ordem formada por l\u00edderes.<\/p>\n<p>&nbsp;<\/p>\n<p>Grande Mestre Estadual: Giuseppe Leggi Junior<\/p>\n<p>Telefone: (44) 8812-6699<\/p>\n<p>Email: giuseppe@conterpavi.com.br<\/p>\n<p>Cidade: Maring\u00e1-PR<\/p>\n<p>&nbsp;<\/p>\n<p>Grande Mestre Estadual Adjunto: Geovani Sergio Gasparoto<\/p>\n<p>Telefone: (44) 9800-0007<\/p>\n<p>Email: geovani@gasparoto.com.br<\/p>\n<p>Cidade: Goioer\u00ea-PR<\/p>\n<p>&nbsp;<\/p>\n<p>Grande Secret\u00e1rio Estadual: Lu\u00eds Felipe Alonso Casarolli<\/p>\n<p>Telefone: (44) 9942-7973<\/p>\n<p>Email: gsedemolaypr@gmail.com<\/p>\n<p>Cidade: Campo Mour\u00e3o-PR<\/p>\n<p>&nbsp;<\/p>\n<p>Grande Secret\u00e1rio Estadual Adjunto: Jean Carlo Badan Peixoto<\/p>\n<p>Telefone: (44) 9950-8976<\/p>\n<p>Email: gsedemolaypr@gmail.com<\/p>\n<p>Cidade: Campo Mour\u00e3o-PR<\/p>\n<p>&nbsp;<\/p>\n<p>Grande Tesoureiro Estadual: Nilton Moreira de Castilho<\/p>\n<p>Telefone: (44) 9914-2781<\/p>\n<p>Email: nilton.castilho@globo.com<\/p>\n<p>Cidade: Campo Mour\u00e3o-PR<\/p>\n<p>&nbsp;<\/p>\n<p>Grande Tesoureiro Estadual Adjunto: J\u00falio Cezar Frare<\/p>\n<p>Telefone: (44) 9969-3592 \/ 8437-9675<\/p>\n<p>Email: frare8@hotmail.com<\/p>\n<p>Cidade: Peabiru-PR<\/p>\n<p>&nbsp;<\/p>\n<p>Grande Orador Estadual: Jeferson Jos\u00e9 Carneiro Junior<\/p>\n<p>Telefone: (46) 9103-9500<\/p>\n<p>Email: jefersoncarneiro@terra.com.br<\/p>\n<p>Cidade: Francisco Beltr\u00e3o-PR<\/p>\n<p>&nbsp;<\/p>\n<p>Grande Orador Estadual Adjunto: Vagner Grola<\/p>\n<p>Telefone: (44) 8407-1617<\/p>\n<p>Email: vgrola@ig.com.br<\/p>\n<p>Cidade: Campo Mour\u00e3o-PR<\/p>\n<p>&nbsp;<\/p>\n<p>Mestre Conselheiro Estadual: Rafael Marvulle de Castilho<\/p>\n<p>Telefone: (44) 9881-4260<\/p>\n<p>Email: gabineteestadual.parana@gmail.com<\/p>\n<p>Cidade: Campo Mour\u00e3o-PR<\/p>\n<p>&nbsp;<\/p>\n<p>Mestre Conselheiro Estadual Adjunto: Mateus Pires Martins<\/p>\n<p>Telefone: (44) 9131-4020<\/p>\n<p>Email: gabineteestadual.parana@gmail.com<\/p>\n<p>Cidade: Maring\u00e1-PR<\/p>\n<p>&nbsp;<\/p>\n<p>Fonte: Grande Loja do Paran\u00e1<\/p>\n","protected":false},"excerpt":{"rendered":"<p>Supremo Conselho da Ordem DeMolay para Rep\u00fablica Federativa do Brasil. Grande Conselho Estadual do Paran\u00e1. &nbsp; A Ordem DeMolay \u00e9 uma institui\u00e7\u00e3o que busca lapidar o car\u00e1ter do jovem para que, ao atingir a maioridade \u2013 os 21 anos -, ele possa contribuir com o a comunidade onde estiver inserido. \u00c9 um ambiente fraternal, seguro [&hellip;]<\/p>\n","protected":false},"author":1,"featured_media":0,"parent":0,"menu_order":1,"comment_status":"closed","ping_status":"closed","template":"","meta":[],"_links":{"self":[{"href":"http:\/\/www.lojaluzdooriente2.com.br\/wp\/index.php?rest_route=\/wp\/v2\/pages\/129"}],"collection":[{"href":"http:\/\/www.lojaluzdooriente2.com.br\/wp\/index.php?rest_route=\/wp\/v2\/pages"}],"about":[{"href":"http:\/\/www.lojaluzdooriente2.com.br\/wp\/index.php?rest_route=\/wp\/v2\/types\/page"}],"author":[{"embeddable":true,"href":"http:\/\/www.lojaluzdooriente2.com.br\/wp\/index.php?rest_route=\/wp\/v2\/users\/1"}],"replies":[{"embeddable":true,"href":"http:\/\/www.lojaluzdooriente2.com.br\/wp\/index.php?rest_route=%2Fwp%2Fv2%2Fcomments&post=129"}],"version-history":[{"count":3,"href":"http:\/\/www.lojaluzdooriente2.com.br\/wp\/index.php?rest_route=\/wp\/v2\/pages\/129\/revisions"}],"predecessor-version":[{"id":133,"href":"http:\/\/www.lojaluzdooriente2.com.br\/wp\/index.php?rest_route=\/wp\/v2\/pages\/129\/revisions\/133"}],"wp:attachment":[{"href":"http:\/\/www.lojaluzdooriente2.com.br\/wp\/index.php?rest_route=%2Fwp%2Fv2%2Fmedia&parent=129"}],"curies":[{"name":"wp","href":"https:\/\/api.w.org\/{rel}","templated":true}]}}